{"id":76,"date":"2020-03-28T12:46:00","date_gmt":"2020-03-28T12:46:00","guid":{"rendered":"https:\/\/anasig.lu\/?page_id=76"},"modified":"2023-11-30T17:43:39","modified_gmt":"2023-11-30T16:43:39","slug":"startsait","status":"publish","type":"page","link":"https:\/\/www.anasig.lu\/?page_id=76","title":{"rendered":"Starts\u00e4it"},"content":{"rendered":"\t\t<div data-elementor-type=\"wp-page\" data-elementor-id=\"76\" class=\"elementor elementor-76\">\n\t\t\t\t\t\t<section class=\"elementor-section elementor-top-section elementor-element elementor-element-5649763b elementor-section-boxed elementor-section-height-default elementor-section-height-default\" data-id=\"5649763b\" data-element_type=\"section\" data-e-type=\"section\">\n\t\t\t\t\t\t<div class=\"elementor-container elementor-column-gap-default\">\n\t\t\t\t\t<div class=\"elementor-column elementor-col-100 elementor-top-column elementor-element elementor-element-6a6ee970\" data-id=\"6a6ee970\" data-element_type=\"column\" data-e-type=\"column\">\n\t\t\t<div class=\"elementor-widget-wrap elementor-element-populated\">\n\t\t\t\t\t\t<div class=\"elementor-element elementor-element-1747e877 elementor-widget elementor-widget-text-editor\" data-id=\"1747e877\" data-element_type=\"widget\" data-e-type=\"widget\" data-widget_type=\"text-editor.default\">\n\t\t\t\t<div class=\"elementor-widget-container\">\n\t\t\t\t\t\t\t\t\t<p><\/p>\n<p><strong>H\u00e4erzl\u00ebch wellkomm bei der ANASIG !<\/strong><\/p>\n<p><strong><\/strong><\/p>\n<p><strong>Visit\u00e9iert eis ganz dynam\u00ebsch Facebooks\u00e4it\u00a0<\/strong><strong style=\"font-family: var( --e-global-typography-text-font-family ), Sans-serif; font-size: 0.9375rem;\">an huelt hei Kontakt mat eis op !<\/strong><\/p>\n<p>https:\/\/www.facebook.com\/AnasigLuxembourg\/<\/p>\n<p><strong><a href=\"https:\/\/www.anasig.lu\/wp-content\/uploads\/2023\/11\/Invitation-Afterwork-social-ANASIG-7.12.2023-1-4.pdf\">Invitation Afterwork social ANASIG 7.12.2023 \u00a0 \u00a0 <\/a><\/strong><strong>Correctif: Inscription possible jusqu\u2019au 5.12.2023 via info@anasig.lu. Merci de pr\u00e9ciser si vous participez au repas par apr\u00e8s.<\/strong><\/p>\n<p><strong><a href=\"https:\/\/www.anasig.lu\/wp-content\/uploads\/2023\/11\/Communique-de-presse-ANASIG-ASBL-28.11.2023-PDF-.pdf\">Communiqu\u00e9 de presse ANASIG ASBL 28.11.2023 PDF<\/a><\/strong><\/p>\n<p><\/p>\n<p><\/p>\t\t\t\t\t\t\t\t<\/div>\n\t\t\t\t<\/div>\n\t\t\t\t<div class=\"elementor-element elementor-element-f17edd6 elementor-widget elementor-widget-image\" data-id=\"f17edd6\" data-element_type=\"widget\" data-e-type=\"widget\" data-widget_type=\"image.default\">\n\t\t\t\t<div class=\"elementor-widget-container\">\n\t\t\t\t\t\t\t\t\t\t\t\t\t\t\t<img decoding=\"async\" src=\"https:\/\/www.anasig.lu\/wp-content\/uploads\/2023\/11\/Invitation-Afterwork-social-ANASIG-7.12.2023-1-1.pdf\" title=\"\" alt=\"\" loading=\"lazy\" \/>\t\t\t\t\t\t\t\t\t\t\t\t\t\t\t<\/div>\n\t\t\t\t<\/div>\n\t\t\t\t\t<\/div>\n\t\t<\/div>\n\t\t\t\t\t<\/div>\n\t\t<\/section>\n\t\t\t\t<\/div>\n\t\t","protected":false},"excerpt":{"rendered":"<p>H&auml;erzl&euml;ch wellkomm bei der ANASIG ! Visit&eacute;iert eis ganz dynam&euml;sch Facebooks&auml;it&nbsp;an huelt hei Kontakt mat eis op ! https:\/\/www.facebook.com\/AnasigLuxembourg\/ Invitation Afterwork social ANASIG 7.12.2023 &nbsp; &nbsp; Correctif: Inscription possible jusqu&rsquo;au 5.12.2023 via info@anasig.lu. Merci de pr&eacute;ciser si vous participez au repas par apr&egrave;s. Communiqu&eacute; de presse ANASIG ASBL 28.11.2023 PDF<\/p>\n","protected":false},"author":1,"featured_media":0,"parent":0,"menu_order":2,"comment_status":"closed","ping_status":"closed","template":"","meta":{"_exactmetrics_skip_tracking":false,"_exactmetrics_sitenote_active":false,"_exactmetrics_sitenote_note":"","_exactmetrics_sitenote_category":0,"_monsterinsights_skip_tracking":false,"_monsterinsights_sitenote_active":false,"_monsterinsights_sitenote_note":"","_monsterinsights_sitenote_category":0,"footnotes":""},"class_list":["post-76","page","type-page","status-publish","hentry"],"_links":{"self":[{"href":"https:\/\/www.anasig.lu\/index.php?rest_route=\/wp\/v2\/pages\/76","targetHints":{"allow":["GET"]}}],"collection":[{"href":"https:\/\/www.anasig.lu\/index.php?rest_route=\/wp\/v2\/pages"}],"about":[{"href":"https:\/\/www.anasig.lu\/index.php?rest_route=\/wp\/v2\/types\/page"}],"author":[{"embeddable":true,"href":"https:\/\/www.anasig.lu\/index.php?rest_route=\/wp\/v2\/users\/1"}],"replies":[{"embeddable":true,"href":"https:\/\/www.anasig.lu\/index.php?rest_route=%2Fwp%2Fv2%2Fcomments&post=76"}],"version-history":[{"count":21,"href":"https:\/\/www.anasig.lu\/index.php?rest_route=\/wp\/v2\/pages\/76\/revisions"}],"predecessor-version":[{"id":392,"href":"https:\/\/www.anasig.lu\/index.php?rest_route=\/wp\/v2\/pages\/76\/revisions\/392"}],"wp:attachment":[{"href":"https:\/\/www.anasig.lu\/index.php?rest_route=%2Fwp%2Fv2%2Fmedia&parent=76"}],"curies":[{"name":"wp","href":"https:\/\/api.w.org\/{rel}","templated":true}]}}