{"id":65,"date":"2020-03-28T12:04:22","date_gmt":"2020-03-28T12:04:22","guid":{"rendered":"https:\/\/anasig.lu\/?page_id=65"},"modified":"2020-05-04T19:07:53","modified_gmt":"2020-05-04T17:07:53","slug":"assistant-social","status":"publish","type":"page","link":"https:\/\/www.anasig.lu\/?page_id=65","title":{"rendered":"Assistant(e) social(e)"},"content":{"rendered":"\t\t<div data-elementor-type=\"wp-page\" data-elementor-id=\"65\" class=\"elementor elementor-65\">\n\t\t\t\t\t\t<section class=\"elementor-section elementor-top-section elementor-element elementor-element-7af8d3ca elementor-section-boxed elementor-section-height-default elementor-section-height-default\" data-id=\"7af8d3ca\" data-element_type=\"section\" data-e-type=\"section\">\n\t\t\t\t\t\t<div class=\"elementor-container elementor-column-gap-default\">\n\t\t\t\t\t<div class=\"elementor-column elementor-col-100 elementor-top-column elementor-element elementor-element-13e16d57\" data-id=\"13e16d57\" data-element_type=\"column\" data-e-type=\"column\">\n\t\t\t<div class=\"elementor-widget-wrap elementor-element-populated\">\n\t\t\t\t\t\t<div class=\"elementor-element elementor-element-1e515e31 elementor-widget elementor-widget-text-editor\" data-id=\"1e515e31\" data-element_type=\"widget\" data-e-type=\"widget\" data-widget_type=\"text-editor.default\">\n\t\t\t\t<div class=\"elementor-widget-container\">\n\t\t\t\t\t\t\t\t\t<p><\/p>\n<p><strong>Informations importantes concernant la profession de l&rsquo;Assistant(e) sociale(e) au Luxembourg<\/strong><\/p>\n<p><\/p>\n<p style=\"font-size: 0;\">Lien vers la page du Minist\u00e8re de la Sant\u00e9 concernant la demande de l&rsquo;autorisation d&rsquo;exercer pour la profession de l&rsquo;Assistant(e) sociale(e) au Luxembourg <br \/><a href=\"https:\/\/sante.public.lu\/fr\/professions\/professions-sante-reglementees\/assistant-social\/index.html\">https:\/\/sante.public.lu\/fr\/professions\/professions-sante-reglementees\/assistant-social\/index.html<\/a><\/p>\n<p><\/p>\n<p>Lien vers le Site du Minist\u00e8re de la Sant\u00e9 concernant la demande d&rsquo;autorisation d&rsquo;exercer la profession d&rsquo;Assistant(e) Social(e)\u00a0<a style=\"font-size: 0.9375rem;\" href=\"https:\/\/sante.public.lu\/fr\/professions\/professions-sante-reglementees\/assistant-social\/index.html\">Autorisation d&rsquo;exercer<\/a><\/p>\n<p><span style=\"font-size: 0.9375rem;\">Lien vers le R\u00e8glement grand-ducal sur les attributions professionnelles de l&rsquo;Assistant(e) sociale(e) <\/span><a style=\"font-size: 0.9375rem;\" href=\"http:\/\/legilux.public.lu\/eli\/etat\/leg\/rgd\/2013\/07\/18\/n1\/jo\">LEGILUX<\/a><\/p>\n<p>Lien vers la page l\u00e9gislation du site du Conseil sup\u00e9rieur de certaines professions de sant\u00e9 (CSCPS)<br \/><a href=\"https:\/\/www.cscps.lu\/legislation\">CSCPS\/Legislation<\/a><\/p>\n<p><\/p>\n<p>Lien vers le Code de d\u00e9ontologie de certaines professions de sant\u00e9<br \/><a href=\"https:\/\/6c35d9d7-92d2-454c-9ddd-603ccd978478.filesusr.com\/ugd\/454754_07370ccd369441a2a3b6ce6acfbdad3e.pdf\">Code de d\u00e9ontologie<\/a><\/p>\n<p><\/p>\n<p>Lien vers le Conseil de discipline de certaines professions de sant\u00e9 <a href=\"https:\/\/www.cscps.lu\/discipline\">CSCPS\/Discipline<\/a><\/p>\n<p><\/p>\n<p><a href=\"https:\/\/www.cscps.lu\/discipline\"><br \/><\/a>Site du Minist\u00e8re de l&rsquo;enseignement sup\u00e9rieur pour la reconnaissance du dipl\u00f4me<br \/><a href=\"http:\/\/www.mesr.public.lu\/enssup\/reconnaissance_sante\/assistant_social\/index.html\">Reconnaissance Dipl\u00f4me<\/a><\/p>\n<p><\/p>\t\t\t\t\t\t\t\t<\/div>\n\t\t\t\t<\/div>\n\t\t\t\t\t<\/div>\n\t\t<\/div>\n\t\t\t\t\t<\/div>\n\t\t<\/section>\n\t\t\t\t<\/div>\n\t\t","protected":false},"excerpt":{"rendered":"<p>Informations importantes concernant la profession de l&rsquo;Assistant(e) sociale(e) au Luxembourg Lien vers la page du Minist&egrave;re de la Sant&eacute; concernant la demande de l&rsquo;autorisation d&rsquo;exercer pour la profession de l&rsquo;Assistant(e) sociale(e) au Luxembourg https:\/\/sante.public.lu\/fr\/professions\/professions-sante-reglementees\/assistant-social\/index.html Lien vers le Site du Minist&egrave;re de la Sant&eacute; concernant la demande d&rsquo;autorisation d&rsquo;exercer la profession d&rsquo;Assistant(e) Social(e)&nbsp;Autorisation d&rsquo;exercer Lien vers<\/p><\/div>\n<div class=\"blog-btn\"><a href=\"https:\/\/www.anasig.lu\/?page_id=65\" class=\"home-blog-btn\">Lire la suite<\/a><\/p>\n","protected":false},"author":1,"featured_media":0,"parent":0,"menu_order":0,"comment_status":"closed","ping_status":"closed","template":"","meta":{"_exactmetrics_skip_tracking":false,"_exactmetrics_sitenote_active":false,"_exactmetrics_sitenote_note":"","_exactmetrics_sitenote_category":0,"_monsterinsights_skip_tracking":false,"_monsterinsights_sitenote_active":false,"_monsterinsights_sitenote_note":"","_monsterinsights_sitenote_category":0,"footnotes":""},"class_list":["post-65","page","type-page","status-publish","hentry"],"_links":{"self":[{"href":"https:\/\/www.anasig.lu\/index.php?rest_route=\/wp\/v2\/pages\/65","targetHints":{"allow":["GET"]}}],"collection":[{"href":"https:\/\/www.anasig.lu\/index.php?rest_route=\/wp\/v2\/pages"}],"about":[{"href":"https:\/\/www.anasig.lu\/index.php?rest_route=\/wp\/v2\/types\/page"}],"author":[{"embeddable":true,"href":"https:\/\/www.anasig.lu\/index.php?rest_route=\/wp\/v2\/users\/1"}],"replies":[{"embeddable":true,"href":"https:\/\/www.anasig.lu\/index.php?rest_route=%2Fwp%2Fv2%2Fcomments&post=65"}],"version-history":[{"count":9,"href":"https:\/\/www.anasig.lu\/index.php?rest_route=\/wp\/v2\/pages\/65\/revisions"}],"predecessor-version":[{"id":251,"href":"https:\/\/www.anasig.lu\/index.php?rest_route=\/wp\/v2\/pages\/65\/revisions\/251"}],"wp:attachment":[{"href":"https:\/\/www.anasig.lu\/index.php?rest_route=%2Fwp%2Fv2%2Fmedia&parent=65"}],"curies":[{"name":"wp","href":"https:\/\/api.w.org\/{rel}","templated":true}]}}