{"id":142,"date":"2020-04-11T10:05:15","date_gmt":"2020-04-11T10:05:15","guid":{"rendered":"https:\/\/anasig.lu\/?page_id=142"},"modified":"2020-04-11T10:06:00","modified_gmt":"2020-04-11T10:06:00","slug":"a-propos-de-lanasig","status":"publish","type":"page","link":"https:\/\/www.anasig.lu\/?page_id=142","title":{"rendered":"A propos de l&rsquo;ANASIG"},"content":{"rendered":"\n<pre class=\"wp-block-preformatted\"><strong><em>A vos c\u00f4t\u00e9s depuis 1939<\/em><\/strong><\/pre>\n\n\n\n<p>L\u2019ANASIG est une association professionnelle qui a pour objet :<\/p>\n\n\n\n<ol class=\"wp-block-list\"><li>de grouper les assistant(e)s sociales, les assistant(e)s d\u2019hygi\u00e8ne sociale et les infirmi\u00e8r(e)s gradu\u00e9(e)s du Luxembourg, de cr\u00e9er entre eux des relations d\u2019amiti\u00e9, de collaboration et de solidarit\u00e9 professionnelle;&nbsp;<\/li><li>d\u2019assurer la d\u00e9fense des int\u00e9r\u00eats professionnels, mat\u00e9riels et moraux des associ\u00e9s et de les soutenir dans les conflits et difficult\u00e9s r\u00e9sultant de l\u2019exercice de leur profession;<\/li><li>de cultiver des relations de sympathie avec ces professionnels de toute nationalit\u00e9, d\u2019affilier et de repr\u00e9senter l\u2019Association aux conseils et organismes nationaux et internationaux.<\/li><\/ol>\n\n\n\n<p>Quelques-unes des activit\u00e9s de l\u2019ANASIG :<\/p>\n\n\n\n<ul class=\"wp-block-list\"><li>publication d\u2019une newsletter \u00e9lectronique<\/li><li>organisation d\u2019apr\u00e8s-midi du social pour aller \u00e0 la rencontre d\u2019institutions sociales<\/li><li>organisation d\u2019After-work du social th\u00e9matiques<\/li><li>organisation de la formation continue professionnelle<\/li><li>collaboration \u00e0 l\u2019\u00e9laboration des mati\u00e8res et \u00e0 l\u2019\u00e9valuation des connaissances pour la reconnaissance des dipl\u00f4mes de l\u2019Assistant Social obtenus \u00e0 l\u2019\u00e9tranger<\/li><li>repr\u00e9sentation des membres dans les diff\u00e9rents organes de repr\u00e9sentation officiels, tels que le Conseil Sup\u00e9rieur de certaines professions de sant\u00e9, commissions professionnelles, organismes internationaux, etc&#8230;&nbsp;<\/li><li>membre de EAPN Letzebuerg (EAPN= European Anti Poverty Network)&nbsp;<\/li><li>\u00e9change avec d\u2019autres associations de professionnels du domaine de la sant\u00e9 et du social au niveau national et international<\/li><li>membre de l\u2019IFSW ( International Federation of Social Work)<\/li><\/ul>\n\n\n\n<p><strong>Les avantages des membres de l\u2019ANASIG :<\/strong><\/p>\n\n\n\n<ul class=\"wp-block-list\"><li>tarifs r\u00e9duits pour la participation aux activit\u00e9s payantes organis\u00e9es par celle-ci;&nbsp;<\/li><li>conseils et avis gratuits pour des questions professionnelles d\u2019int\u00e9r\u00eat g\u00e9n\u00e9ral (sur acceptation du dossier par le conseil d\u2019administration);<\/li><li>acc\u00e8s et partage des informations importantes du secteur et des professions;<\/li><li>acc\u00e8s au plus grand r\u00e9seau des assistant(e)s sociales, des assistant(e)s d\u2019hygi\u00e8ne sociale et des infirmi\u00e8r(e)s gradu\u00e9(e)s du Luxembourg.&nbsp;<\/li><\/ul>\n\n\n\n<h2 class=\"wp-block-heading\"><strong>Vous pouvez nous contacter par mail ou courrier :<\/strong><\/h2>\n\n\n\n<div class=\"wp-block-group\"><div class=\"wp-block-group__inner-container is-layout-flow wp-block-group-is-layout-flow\">\n<p><strong>Adresse mail :<\/strong><\/p>\n\n\n\n<p>info@anasig.lu<\/p>\n\n\n\n<p><strong>Adresse postale :<\/strong><\/p>\n\n\n\n<div class=\"wp-block-group\"><div class=\"wp-block-group__inner-container is-layout-flow wp-block-group-is-layout-flow\">\n<div class=\"wp-block-group\"><div class=\"wp-block-group__inner-container is-layout-flow wp-block-group-is-layout-flow\">\n<div class=\"wp-block-group\"><div class=\"wp-block-group__inner-container is-layout-flow wp-block-group-is-layout-flow\">\n<div class=\"wp-block-group\"><div class=\"wp-block-group__inner-container is-layout-flow wp-block-group-is-layout-flow\">\n<div class=\"wp-block-group\"><div class=\"wp-block-group__inner-container is-layout-flow wp-block-group-is-layout-flow\">\n<div class=\"wp-block-group\"><div class=\"wp-block-group__inner-container is-layout-flow wp-block-group-is-layout-flow\">\n<p class=\"has-text-align-left\">ANASIG<br>BP 2622<br>L-1026 Luxembourg<\/p>\n<\/div><\/div>\n<\/div><\/div>\n<\/div><\/div>\n<\/div><\/div>\n<\/div><\/div>\n<\/div><\/div>\n<\/div><\/div>\n\n\n\n<p><\/p>\n","protected":false},"excerpt":{"rendered":"<p>A vos c&ocirc;t&eacute;s depuis 1939 L&rsquo;ANASIG est une association professionnelle qui a pour objet : de grouper les assistant(e)s sociales, les assistant(e)s d&rsquo;hygi&egrave;ne sociale et les infirmi&egrave;r(e)s gradu&eacute;(e)s du Luxembourg, de cr&eacute;er entre eux des relations d&rsquo;amiti&eacute;, de collaboration et de solidarit&eacute; professionnelle;&nbsp; d&rsquo;assurer la d&eacute;fense des int&eacute;r&ecirc;ts professionnels, mat&eacute;riels et moraux des associ&eacute;s et<\/p><\/div>\n<div class=\"blog-btn\"><a href=\"https:\/\/www.anasig.lu\/?page_id=142\" class=\"home-blog-btn\">Lire la suite<\/a><\/p>\n","protected":false},"author":1,"featured_media":16,"parent":0,"menu_order":0,"comment_status":"closed","ping_status":"closed","template":"","meta":{"_exactmetrics_skip_tracking":false,"_exactmetrics_sitenote_active":false,"_exactmetrics_sitenote_note":"","_exactmetrics_sitenote_category":0,"_monsterinsights_skip_tracking":false,"_monsterinsights_sitenote_active":false,"_monsterinsights_sitenote_note":"","_monsterinsights_sitenote_category":0,"footnotes":""},"class_list":["post-142","page","type-page","status-publish","has-post-thumbnail","hentry"],"_links":{"self":[{"href":"https:\/\/www.anasig.lu\/index.php?rest_route=\/wp\/v2\/pages\/142","targetHints":{"allow":["GET"]}}],"collection":[{"href":"https:\/\/www.anasig.lu\/index.php?rest_route=\/wp\/v2\/pages"}],"about":[{"href":"https:\/\/www.anasig.lu\/index.php?rest_route=\/wp\/v2\/types\/page"}],"author":[{"embeddable":true,"href":"https:\/\/www.anasig.lu\/index.php?rest_route=\/wp\/v2\/users\/1"}],"replies":[{"embeddable":true,"href":"https:\/\/www.anasig.lu\/index.php?rest_route=%2Fwp%2Fv2%2Fcomments&post=142"}],"version-history":[{"count":2,"href":"https:\/\/www.anasig.lu\/index.php?rest_route=\/wp\/v2\/pages\/142\/revisions"}],"predecessor-version":[{"id":145,"href":"https:\/\/www.anasig.lu\/index.php?rest_route=\/wp\/v2\/pages\/142\/revisions\/145"}],"wp:featuredmedia":[{"embeddable":true,"href":"https:\/\/www.anasig.lu\/index.php?rest_route=\/wp\/v2\/media\/16"}],"wp:attachment":[{"href":"https:\/\/www.anasig.lu\/index.php?rest_route=%2Fwp%2Fv2%2Fmedia&parent=142"}],"curies":[{"name":"wp","href":"https:\/\/api.w.org\/{rel}","templated":true}]}}